{"id":21,"date":"2023-12-01T06:36:25","date_gmt":"2023-12-01T06:36:25","guid":{"rendered":"https:\/\/x-plo-rer.org\/?page_id=21"},"modified":"2025-01-14T16:49:01","modified_gmt":"2025-01-14T16:49:01","slug":"ueber-x-plo","status":"publish","type":"page","link":"https:\/\/x-plo-rer.org\/about\/","title":{"rendered":"\u00dcber X-PLO"},"content":{"rendered":"<p>[et_pb_section fb_built=&#8221;1&#8243; admin_label=&#8221;Header&#8221; _builder_version=&#8221;4.23.1&#8243; _module_preset=&#8221;default&#8221; background_color=&#8221;#191831&#8243; overflow-x=&#8221;hidden&#8221; overflow-y=&#8221;hidden&#8221; custom_padding=&#8221;||46px||false|false&#8221; collapsed=&#8221;on&#8221; global_colors_info=&#8221;{}&#8221;][et_pb_row column_structure=&#8221;3_5,2_5&#8243; _builder_version=&#8221;4.17.4&#8243; _module_preset=&#8221;default&#8221; min_height=&#8221;464.9px&#8221; custom_margin=&#8221;|auto|-5px|auto|false|false&#8221; custom_padding=&#8221;||||false|false&#8221; global_colors_info=&#8221;{}&#8221;][et_pb_column type=&#8221;3_5&#8243; _builder_version=&#8221;4.17.4&#8243; _module_preset=&#8221;default&#8221; custom_padding=&#8221;||||false|false&#8221; global_colors_info=&#8221;{}&#8221;][et_pb_image src=&#8221;https:\/\/x-plo-rer.org\/wp-content\/uploads\/2024\/09\/IMG_0282.png&#8221; title_text=&#8221;IMG_0282&#8243; _builder_version=&#8221;4.27.0&#8243; _module_preset=&#8221;default&#8221; custom_margin=&#8221;||0px|-24%|false|false&#8221; custom_margin_tablet=&#8221;|||-25%|false|false&#8221; custom_margin_phone=&#8221;||||false|false&#8221; custom_margin_last_edited=&#8221;off|desktop&#8221; global_colors_info=&#8221;{}&#8221;][\/et_pb_image][et_pb_text _builder_version=&#8221;4.23.1&#8243; _module_preset=&#8221;c16985e1-e0d6-4022-964d-e2bfc04fa633&#8243; header_font=&#8221;Krona One||||||||&#8221; header_text_color=&#8221;#d65201&#8243; header_font_size=&#8221;72px&#8221; header_line_height=&#8221;1.2em&#8221; header_font_size_tablet=&#8221;40px&#8221; header_font_size_phone=&#8221;24px&#8221; header_font_size_last_edited=&#8221;on|desktop&#8221; global_colors_info=&#8221;{}&#8221;]<\/p>\n<h1>X-PLO<\/h1>\n<p>[\/et_pb_text][et_pb_image src=&#8221;https:\/\/x-plo-rer.org\/wp-content\/uploads\/2024\/09\/IMG_0289.png&#8221; title_text=&#8221;IMG_0289&#8243; _builder_version=&#8221;4.27.0&#8243; _module_preset=&#8221;default&#8221; positioning=&#8221;absolute&#8221; position_origin_a=&#8221;bottom_left&#8221; width=&#8221;12%&#8221; custom_margin=&#8221;||24%|-16%|false|false&#8221; custom_margin_tablet=&#8221;|||-15%|false|false&#8221; custom_margin_phone=&#8221;||5%||false|false&#8221; custom_margin_last_edited=&#8221;off|desktop&#8221; global_colors_info=&#8221;{}&#8221;][\/et_pb_image][et_pb_text _builder_version=&#8221;4.23.1&#8243; _module_preset=&#8221;aaa7c440-590a-4078-ae0c-0f3c699ac51c&#8221; header_font=&#8221;||||||||&#8221; header_3_font=&#8221;Krona One||||||||&#8221; header_3_text_color=&#8221;#d70ca5&#8243; header_3_font_size=&#8221;28px&#8221; header_3_line_height=&#8221;1.4em&#8221; custom_margin=&#8221;||0px||false|false&#8221; header_3_font_size_tablet=&#8221;20px&#8221; header_3_font_size_phone=&#8221;16px&#8221; header_3_font_size_last_edited=&#8221;on|phone&#8221; global_colors_info=&#8221;{}&#8221;]<\/p>\n<h3>The X-PLO-rers Festival<\/h3>\n<p>[\/et_pb_text][et_pb_text _builder_version=&#8221;4.17.4&#8243; _module_preset=&#8221;8f0aa0dd-9ddc-4303-bb04-1dbd204a7ee5&#8243; header_5_font=&#8221;Krona One||||||||&#8221; header_5_text_color=&#8221;#FFFFFF&#8221; header_5_font_size=&#8221;13px&#8221; header_5_line_height=&#8221;1.7em&#8221; custom_margin=&#8221;||30px||false|false&#8221; global_colors_info=&#8221;{}&#8221;]<\/p>\n<h5>Entdecke ein Event, das Musik, Kunst, Wissenschaft und kulinarische Highlights vereint. Drei Welten \u2013 ein unvergessliches Erlebnis. Tauche ein in kreative Beats, faszinierende Erkenntnisse und exzellente K\u00fcche.<\/h5>\n<p>[\/et_pb_text][et_pb_button button_url=&#8221;https:\/\/x-plo-rer.org\/contact\/&#8221; button_text=&#8221;Komm mit uns in Kontakt&#8221; _builder_version=&#8221;4.27.4&#8243; _module_preset=&#8221;31b4f027-aaa0-4f2f-ae02-959764e19e4f&#8221; custom_button=&#8221;on&#8221; button_text_size=&#8221;13px&#8221; button_text_color=&#8221;#000000&#8243; button_bg_color=&#8221;#d70ca5&#8243; button_border_color=&#8221;#d70ca5&#8243; button_border_radius=&#8221;0px&#8221; button_font=&#8221;Krona One||||||||&#8221; custom_padding=&#8221;20px|30px|20px|30px|true|true&#8221; global_colors_info=&#8221;{}&#8221;][\/et_pb_button][\/et_pb_column][et_pb_column type=&#8221;2_5&#8243; _builder_version=&#8221;4.17.4&#8243; _module_preset=&#8221;default&#8221; box_shadow_style=&#8221;preset4&#8243; box_shadow_horizontal=&#8221;0px&#8221; box_shadow_vertical=&#8221;300px&#8221; box_shadow_color=&#8221;#FF6651&#8243; global_colors_info=&#8221;{}&#8221;][et_pb_text _builder_version=&#8221;4.27.0&#8243; _module_preset=&#8221;e6504a1b-67eb-4b3d-b023-bcab277610b6&#8243; header_4_font=&#8221;Krona One||||||||&#8221; header_4_text_color=&#8221;#000000&#8243; header_4_font_size=&#8221;13px&#8221; header_4_line_height=&#8221;1.5em&#8221; background_color=&#8221;#FFFFFF&#8221; text_orientation=&#8221;center&#8221; width=&#8221;90%&#8221; custom_margin=&#8221;||0px||false|false&#8221; custom_padding=&#8221;10px|10px||10px|false|true&#8221; header_4_font_size_tablet=&#8221;12px&#8221; header_4_font_size_phone=&#8221;11px&#8221; header_4_font_size_last_edited=&#8221;on|phone&#8221; global_colors_info=&#8221;{}&#8221;]<\/p>\n<h4>Live in Wuppertal | Sommer 2026<\/h4>\n<p>[\/et_pb_text][et_pb_image src=&#8221;https:\/\/x-plo-rer.org\/wp-content\/uploads\/2024\/08\/IMG_0424.png&#8221; title_text=&#8221;IMG_0424&#8243; show_bottom_space=&#8221;off&#8221; _builder_version=&#8221;4.27.0&#8243; _module_preset=&#8221;default&#8221; custom_margin=&#8221;||||false|false&#8221; custom_padding=&#8221;||||false|false&#8221; global_colors_info=&#8221;{}&#8221;][\/et_pb_image][et_pb_image src=&#8221;https:\/\/x-plo-rer.org\/wp-content\/uploads\/2024\/09\/IMG_0280.png&#8221; title_text=&#8221;IMG_0280&#8243; align=&#8221;right&#8221; _builder_version=&#8221;4.27.0&#8243; _module_preset=&#8221;default&#8221; positioning=&#8221;absolute&#8221; position_origin_a=&#8221;bottom_right&#8221; vertical_offset=&#8221;-7px&#8221; horizontal_offset=&#8221;-31px&#8221; position_origin_a_tablet=&#8221;bottom_right&#8221; position_origin_a_last_edited=&#8221;off|desktop&#8221; position_origin_f_last_edited=&#8221;off|desktop&#8221; position_origin_r_last_edited=&#8221;off|desktop&#8221; width=&#8221;60%&#8221; custom_margin_tablet=&#8221;0%||20%||false|false&#8221; custom_margin_phone=&#8221;0%||20%||false|false&#8221; custom_margin_last_edited=&#8221;off|desktop&#8221; custom_padding=&#8221;||||false|false&#8221; positioning_last_edited=&#8221;off|desktop&#8221; global_colors_info=&#8221;{}&#8221;][\/et_pb_image][\/et_pb_column][\/et_pb_row][\/et_pb_section][et_pb_section fb_built=&#8221;1&#8243; admin_label=&#8221;Features&#8221; _builder_version=&#8221;4.27.4&#8243; _module_preset=&#8221;default&#8221; background_color=&#8221;#191831&#8243; custom_padding=&#8221;||||false|false&#8221; locked=&#8221;off&#8221; collapsed=&#8221;on&#8221; global_colors_info=&#8221;{}&#8221;][et_pb_row _builder_version=&#8221;4.17.4&#8243; _module_preset=&#8221;default&#8221; width=&#8221;60%&#8221; width_tablet=&#8221;80%&#8221; width_phone=&#8221;80%&#8221; width_last_edited=&#8221;on|tablet&#8221; global_colors_info=&#8221;{}&#8221;][et_pb_column type=&#8221;4_4&#8243; _builder_version=&#8221;4.17.4&#8243; _module_preset=&#8221;default&#8221; global_colors_info=&#8221;{}&#8221;][et_pb_image src=&#8221;https:\/\/x-plo-rer.org\/wp-content\/uploads\/2023\/12\/cropped-X-Plo-Logo-Marius-Kurtz-1.png&#8221; title_text=&#8221;cropped-X-Plo-Logo-Marius-Kurtz-1.png&#8221; align=&#8221;center&#8221; _builder_version=&#8221;4.27.0&#8243; _module_preset=&#8221;default&#8221; width=&#8221;57%&#8221; max_width=&#8221;13%&#8221; global_colors_info=&#8221;{}&#8221;][\/et_pb_image][et_pb_text _builder_version=&#8221;4.23.1&#8243; _module_preset=&#8221;aaa7c440-590a-4078-ae0c-0f3c699ac51c&#8221; header_font=&#8221;||||||||&#8221; header_3_font=&#8221;Krona One||||||||&#8221; header_3_text_color=&#8221;#d75201&#8243; header_3_font_size=&#8221;28px&#8221; header_3_line_height=&#8221;1.4em&#8221; text_orientation=&#8221;center&#8221; custom_margin=&#8221;||0px||false|false&#8221; header_3_font_size_tablet=&#8221;20px&#8221; header_3_font_size_phone=&#8221;16px&#8221; header_3_font_size_last_edited=&#8221;on|phone&#8221; global_colors_info=&#8221;{}&#8221;]<\/p>\n<h3>Entdecke X-PLO, das Event das Musik, Wissenschaft und kulinarische Highlights vereint.<\/h3>\n<h3><\/h3>\n<h3>Drei Welten \u2013 ein unvergessliches Erlebnis.\u00a0<\/h3>\n<p>[\/et_pb_text][\/et_pb_column][\/et_pb_row][et_pb_row column_structure=&#8221;1_2,1_2&#8243; _builder_version=&#8221;4.17.4&#8243; _module_preset=&#8221;default&#8221; global_colors_info=&#8221;{}&#8221;][et_pb_column type=&#8221;1_2&#8243; _builder_version=&#8221;4.17.4&#8243; _module_preset=&#8221;default&#8221; global_colors_info=&#8221;{}&#8221;][et_pb_text _builder_version=&#8221;4.27.4&#8243; _module_preset=&#8221;518880c8-46c7-4ffa-b5a6-93ffa99dcc17&#8243; text_font=&#8221;Krona One||||||||&#8221; text_text_color=&#8221;#000000&#8243; text_font_size=&#8221;16px&#8221; text_line_height=&#8221;1.9em&#8221; text_font_size_tablet=&#8221;14px&#8221; text_font_size_phone=&#8221;11px&#8221; text_font_size_last_edited=&#8221;on|phone&#8221; global_colors_info=&#8221;{}&#8221;]<\/p>\n<p><span style=\"color: #ffffff;\">Lass dich von packenden Live-Auftritten und au\u00dfergew\u00f6hnlichen Performances mitrei\u00dfen, w\u00e4hrend faszinierende Installationen deine Sinne anregen.<\/span><\/p>\n<p><span style=\"color: #ffffff;\">In den wissenschaftlichen Bereichen entdeckst du spannende Vortr\u00e4ge, interaktive Workshops und bahnbrechende Ideen, die deinen Wissensdurst stillen.<\/span><\/p>\n<p>[\/et_pb_text][\/et_pb_column][et_pb_column type=&#8221;1_2&#8243; _builder_version=&#8221;4.17.4&#8243; _module_preset=&#8221;default&#8221; global_colors_info=&#8221;{}&#8221;][et_pb_text _builder_version=&#8221;4.17.4&#8243; _module_preset=&#8221;518880c8-46c7-4ffa-b5a6-93ffa99dcc17&#8243; text_font=&#8221;Krona One||||||||&#8221; text_text_color=&#8221;#000000&#8243; text_font_size=&#8221;16px&#8221; text_line_height=&#8221;1.9em&#8221; text_font_size_tablet=&#8221;14px&#8221; text_font_size_phone=&#8221;11px&#8221; text_font_size_last_edited=&#8221;on|phone&#8221; locked=&#8221;off&#8221; global_colors_info=&#8221;{}&#8221;]<\/p>\n<p><span style=\"color: #ffffff;\">Dazu bieten talentierte K\u00f6ch*innen k\u00f6stliche Streetfood-Highlights und feine Leckerbissen, die dein Erlebnis perfektionieren.<\/span><\/p>\n<p><span style=\"color: #ffffff;\">X-PLO ist mehr als ein Festival \u2013 es ist eine Entdeckungsreise in kreative Welten, inspirierende Wissenschaft und unvergleichliche Genussmomente.<\/span><\/p>\n<p>[\/et_pb_text][\/et_pb_column][\/et_pb_row][et_pb_row column_structure=&#8221;1_3,1_3,1_3&#8243; _builder_version=&#8221;4.27.0&#8243; _module_preset=&#8221;default&#8221; global_colors_info=&#8221;{}&#8221;][et_pb_column type=&#8221;1_3&#8243; _builder_version=&#8221;4.27.0&#8243; _module_preset=&#8221;default&#8221; global_colors_info=&#8221;{}&#8221;][et_pb_image src=&#8221;https:\/\/x-plo-rer.org\/wp-content\/uploads\/2024\/08\/IMG_0423.png&#8221; title_text=&#8221;IMG_0423&#8243; _builder_version=&#8221;4.27.0&#8243; _module_preset=&#8221;default&#8221; global_colors_info=&#8221;{}&#8221;][\/et_pb_image][\/et_pb_column][et_pb_column type=&#8221;1_3&#8243; _builder_version=&#8221;4.27.0&#8243; _module_preset=&#8221;default&#8221; global_colors_info=&#8221;{}&#8221;][et_pb_image src=&#8221;https:\/\/x-plo-rer.org\/wp-content\/uploads\/2025\/01\/IMG_0411.png&#8221; title_text=&#8221;IMG_0411&#8243; _builder_version=&#8221;4.27.4&#8243; _module_preset=&#8221;default&#8221; hover_enabled=&#8221;0&#8243; global_colors_info=&#8221;{}&#8221; sticky_enabled=&#8221;0&#8243;][\/et_pb_image][\/et_pb_column][et_pb_column type=&#8221;1_3&#8243; _builder_version=&#8221;4.27.0&#8243; _module_preset=&#8221;default&#8221; global_colors_info=&#8221;{}&#8221;][et_pb_image src=&#8221;https:\/\/x-plo-rer.org\/wp-content\/uploads\/2025\/01\/IMG_0398.png&#8221; title_text=&#8221;IMG_0398&#8243; _builder_version=&#8221;4.27.4&#8243; _module_preset=&#8221;default&#8221; hover_enabled=&#8221;0&#8243; global_colors_info=&#8221;{}&#8221; sticky_enabled=&#8221;0&#8243;][\/et_pb_image][\/et_pb_column][\/et_pb_row][\/et_pb_section][et_pb_section fb_built=&#8221;1&#8243; admin_label=&#8221;Footer&#8221; _builder_version=&#8221;4.27.4&#8243; _module_preset=&#8221;default&#8221; background_color=&#8221;#191831&#8243; background_image=&#8221;https:\/\/x-plo-rer.org\/wp-content\/uploads\/2024\/09\/IMG_0280.png&#8221; background_size=&#8221;custom&#8221; background_image_height=&#8221;12vw&#8221; background_position=&#8221;bottom_left&#8221; custom_padding=&#8221;0px||9.7%||false|false&#8221; saved_tabs=&#8221;all&#8221; locked=&#8221;off&#8221; collapsed=&#8221;on&#8221; global_colors_info=&#8221;{}&#8221;][et_pb_row _builder_version=&#8221;4.17.4&#8243; _module_preset=&#8221;default&#8221; module_alignment=&#8221;right&#8221; custom_padding=&#8221;0px||||false|false&#8221; locked=&#8221;off&#8221; global_colors_info=&#8221;{}&#8221;][et_pb_column type=&#8221;4_4&#8243; _builder_version=&#8221;4.17.4&#8243; _module_preset=&#8221;default&#8221; global_colors_info=&#8221;{}&#8221;][et_pb_image src=&#8221;https:\/\/x-plo-rer.org\/wp-content\/uploads\/2024\/09\/IMG_0285.png&#8221; title_text=&#8221;IMG_0285&#8243; align=&#8221;right&#8221; _builder_version=&#8221;4.27.4&#8243; _module_preset=&#8221;default&#8221; position_origin_f=&#8221;bottom_left&#8221; width=&#8221;20%&#8221; custom_padding=&#8221;2%|5%|||false|false&#8221; global_colors_info=&#8221;{}&#8221;][\/et_pb_image][\/et_pb_column][\/et_pb_row][et_pb_row column_structure=&#8221;1_4,1_4,1_4,1_4&#8243; use_custom_gutter=&#8221;on&#8221; gutter_width=&#8221;2&#8243; make_equal=&#8221;on&#8221; _builder_version=&#8221;4.17.4&#8243; _module_preset=&#8221;default&#8221; global_colors_info=&#8221;{}&#8221;][et_pb_column type=&#8221;1_4&#8243; _builder_version=&#8221;4.17.4&#8243; _module_preset=&#8221;default&#8221; global_colors_info=&#8221;{}&#8221;][et_pb_image src=&#8221;https:\/\/x-plo-rer.org\/wp-content\/uploads\/2023\/12\/cropped-X-Plo-Logo-Marius-Kurtz-1.png&#8221; title_text=&#8221;cropped-X-Plo-Logo-Marius-Kurtz-1.png&#8221; _builder_version=&#8221;4.27.4&#8243; _module_preset=&#8221;default&#8221; max_height=&#8221;100px&#8221; custom_margin=&#8221;||10px||false|false&#8221; global_colors_info=&#8221;{}&#8221; width__hover_enabled=&#8221;off|desktop&#8221;][\/et_pb_image][et_pb_text _builder_version=&#8221;4.27.4&#8243; _module_preset=&#8221;1f09816e-184e-4ce5-a4cf-b39c52c423ca&#8221; text_font=&#8221;Krona One||||||||&#8221; text_text_color=&#8221;#EBEBEB&#8221; text_font_size=&#8221;13px&#8221; text_line_height=&#8221;1.9em&#8221; text_font_size_tablet=&#8221;13px&#8221; text_font_size_phone=&#8221;11px&#8221; text_font_size_last_edited=&#8221;on|phone&#8221; header_font_size_tablet=&#8221;55px&#8221; header_font_size_last_edited=&#8221;off|desktop&#8221; global_colors_info=&#8221;{}&#8221;]<\/p>\n<p>The X-PLO-rers Festival<\/p>\n<p>[\/et_pb_text][\/et_pb_column][et_pb_column type=&#8221;1_4&#8243; _builder_version=&#8221;4.17.4&#8243; _module_preset=&#8221;default&#8221; global_colors_info=&#8221;{}&#8221;][\/et_pb_column][et_pb_column type=&#8221;1_4&#8243; _builder_version=&#8221;4.17.4&#8243; _module_preset=&#8221;default&#8221; global_colors_info=&#8221;{}&#8221;][et_pb_text _builder_version=&#8221;4.17.4&#8243; _module_preset=&#8221;8f0aa0dd-9ddc-4303-bb04-1dbd204a7ee5&#8243; header_5_font=&#8221;Krona One||||||||&#8221; header_5_text_color=&#8221;#FFFFFF&#8221; header_5_font_size=&#8221;13px&#8221; header_5_line_height=&#8221;1.7em&#8221; custom_margin=&#8221;||30px||false|false&#8221; locked=&#8221;off&#8221; global_colors_info=&#8221;{}&#8221;]<\/p>\n<h5>Connect<\/h5>\n<p>[\/et_pb_text][et_pb_text _builder_version=&#8221;4.27.4&#8243; _module_preset=&#8221;1f09816e-184e-4ce5-a4cf-b39c52c423ca&#8221; text_font=&#8221;Krona One||||||||&#8221; text_text_color=&#8221;#EBEBEB&#8221; text_font_size=&#8221;13px&#8221; text_line_height=&#8221;1.9em&#8221; link_text_color=&#8221;#EBEBEB&#8221; text_font_size_tablet=&#8221;13px&#8221; text_font_size_phone=&#8221;11px&#8221; text_font_size_last_edited=&#8221;on|phone&#8221; header_font_size_tablet=&#8221;55px&#8221; header_font_size_last_edited=&#8221;off|desktop&#8221; locked=&#8221;off&#8221; global_colors_info=&#8221;{}&#8221;]<\/p>\n<p><a href=\"#\" target=\"_blank\" rel=\"noopener\">Instagram<\/a><\/p>\n<p>[\/et_pb_text][\/et_pb_column][et_pb_column type=&#8221;1_4&#8243; _builder_version=&#8221;4.17.4&#8243; _module_preset=&#8221;default&#8221; global_colors_info=&#8221;{}&#8221;][et_pb_text _builder_version=&#8221;4.17.4&#8243; _module_preset=&#8221;8f0aa0dd-9ddc-4303-bb04-1dbd204a7ee5&#8243; header_5_font=&#8221;Krona One||||||||&#8221; header_5_text_color=&#8221;#FFFFFF&#8221; header_5_font_size=&#8221;13px&#8221; header_5_line_height=&#8221;1.7em&#8221; custom_margin=&#8221;||30px||false|false&#8221; locked=&#8221;off&#8221; global_colors_info=&#8221;{}&#8221;]<\/p>\n<h5>Stay In Touch<\/h5>\n<p>[\/et_pb_text][et_pb_signup mailchimp_list=&#8221;elegantthemestest|1ea2bbd026&#8243; layout=&#8221;top_bottom&#8221; first_name_field=&#8221;off&#8221; last_name_field=&#8221;off&#8221; _builder_version=&#8221;4.17.4&#8243; _module_preset=&#8221;f5dd8511-592b-43f8-b02a-fca5b467e34a&#8221; form_field_background_color=&#8221;RGBA(255,255,255,0)&#8221; form_field_text_color=&#8221;#EBEBEB&#8221; form_field_custom_padding=&#8221;20px|0px||0px|false|false&#8221; form_field_font=&#8221;Krona One||||||||&#8221; form_field_font_size=&#8221;13px&#8221; background_enable_color=&#8221;off&#8221; use_background_color=&#8221;off&#8221; custom_button=&#8221;on&#8221; button_text_size=&#8221;13px&#8221; button_text_color=&#8221;#000000&#8243; button_bg_color=&#8221;#d608a4&#8243; button_border_color=&#8221;#d608a4&#8243; button_border_radius=&#8221;0px&#8221; button_font=&#8221;Krona One||||||||&#8221; button_custom_padding=&#8221;20px||20px||true|false&#8221; border_radii_fields=&#8221;on|0px|0px|0px|0px&#8221; border_color_all_fields=&#8221;#FFFFFF&#8221; border_width_bottom_fields=&#8221;1px&#8221; locked=&#8221;off&#8221; global_colors_info=&#8221;{}&#8221;][\/et_pb_signup][\/et_pb_column][\/et_pb_row][\/et_pb_section]<\/p>\n","protected":false},"excerpt":{"rendered":"<p>X-PLOThe X-PLO-rers FestivalEntdecke ein Event, das Musik, Kunst, Wissenschaft und kulinarische Highlights vereint. Drei Welten \u2013 ein unvergessliches Erlebnis. Tauche ein in kreative Beats, faszinierende Erkenntnisse und exzellente K\u00fcche.Live in Wuppertal | Sommer 2026Entdecke X-PLO, das Event das Musik, Wissenschaft und kulinarische Highlights vereint. Drei Welten \u2013 ein unvergessliches Erlebnis.\u00a0Lass dich von packenden Live-Auftritten und [&hellip;]<\/p>\n","protected":false},"author":3,"featured_media":0,"parent":0,"menu_order":0,"comment_status":"closed","ping_status":"closed","template":"","meta":{"nf_dc_page":"","_et_pb_use_builder":"on","_et_pb_old_content":"<!-- wp:divi\/placeholder \/-->","_et_gb_content_width":"","footnotes":""},"class_list":["post-21","page","type-page","status-publish","hentry"],"yoast_head":"<!-- This site is optimized with the Yoast SEO plugin v27.5 - https:\/\/yoast.com\/product\/yoast-seo-wordpress\/ -->\n<title>\u00dcber X-PLO - X-PLO<\/title>\n<meta name=\"robots\" content=\"index, follow, max-snippet:-1, max-image-preview:large, max-video-preview:-1\" \/>\n<link rel=\"canonical\" href=\"https:\/\/x-plo-rer.org\/about\/\" \/>\n<meta property=\"og:locale\" content=\"de_DE\" \/>\n<meta property=\"og:type\" content=\"article\" \/>\n<meta property=\"og:title\" content=\"\u00dcber X-PLO - X-PLO\" \/>\n<meta property=\"og:description\" content=\"X-PLOThe X-PLO-rers FestivalEntdecke ein Event, das Musik, Kunst, Wissenschaft und kulinarische Highlights vereint. Drei Welten \u2013 ein unvergessliches Erlebnis. Tauche ein in kreative Beats, faszinierende Erkenntnisse und exzellente K\u00fcche.Live in Wuppertal | Sommer 2026Entdecke X-PLO, das Event das Musik, Wissenschaft und kulinarische Highlights vereint. Drei Welten \u2013 ein unvergessliches Erlebnis.\u00a0Lass dich von packenden Live-Auftritten und [&hellip;]\" \/>\n<meta property=\"og:url\" content=\"https:\/\/x-plo-rer.org\/about\/\" \/>\n<meta property=\"og:site_name\" content=\"X-PLO\" \/>\n<meta property=\"article:modified_time\" content=\"2025-01-14T16:49:01+00:00\" \/>\n<meta name=\"twitter:card\" content=\"summary_large_image\" \/>\n<meta name=\"twitter:label1\" content=\"Gesch\u00e4tzte Lesezeit\" \/>\n\t<meta name=\"twitter:data1\" content=\"9\u00a0Minuten\" \/>\n<script type=\"application\/ld+json\" class=\"yoast-schema-graph\">{\"@context\":\"https:\\\/\\\/schema.org\",\"@graph\":[{\"@type\":\"WebPage\",\"@id\":\"https:\\\/\\\/x-plo-rer.org\\\/about\\\/\",\"url\":\"https:\\\/\\\/x-plo-rer.org\\\/about\\\/\",\"name\":\"\u00dcber X-PLO - X-PLO\",\"isPartOf\":{\"@id\":\"https:\\\/\\\/x-plo-rer.org\\\/about\\\/#website\"},\"datePublished\":\"2023-12-01T06:36:25+00:00\",\"dateModified\":\"2025-01-14T16:49:01+00:00\",\"breadcrumb\":{\"@id\":\"https:\\\/\\\/x-plo-rer.org\\\/about\\\/#breadcrumb\"},\"inLanguage\":\"de\",\"potentialAction\":[{\"@type\":\"ReadAction\",\"target\":[\"https:\\\/\\\/x-plo-rer.org\\\/about\\\/\"]}]},{\"@type\":\"BreadcrumbList\",\"@id\":\"https:\\\/\\\/x-plo-rer.org\\\/about\\\/#breadcrumb\",\"itemListElement\":[{\"@type\":\"ListItem\",\"position\":1,\"name\":\"Home\",\"item\":\"https:\\\/\\\/x-plo-rer.org\\\/about\\\/\"},{\"@type\":\"ListItem\",\"position\":2,\"name\":\"\u00dcber X-PLO\"}]},{\"@type\":\"WebSite\",\"@id\":\"https:\\\/\\\/x-plo-rer.org\\\/about\\\/#website\",\"url\":\"https:\\\/\\\/x-plo-rer.org\\\/about\\\/\",\"name\":\"X-PLO\",\"description\":\"The X-PLO-rers Festival\",\"potentialAction\":[{\"@type\":\"SearchAction\",\"target\":{\"@type\":\"EntryPoint\",\"urlTemplate\":\"https:\\\/\\\/x-plo-rer.org\\\/about\\\/?s={search_term_string}\"},\"query-input\":{\"@type\":\"PropertyValueSpecification\",\"valueRequired\":true,\"valueName\":\"search_term_string\"}}],\"inLanguage\":\"de\"}]}<\/script>\n<!-- \/ Yoast SEO plugin. -->","yoast_head_json":{"title":"\u00dcber X-PLO - X-PLO","robots":{"index":"index","follow":"follow","max-snippet":"max-snippet:-1","max-image-preview":"max-image-preview:large","max-video-preview":"max-video-preview:-1"},"canonical":"https:\/\/x-plo-rer.org\/about\/","og_locale":"de_DE","og_type":"article","og_title":"\u00dcber X-PLO - X-PLO","og_description":"X-PLOThe X-PLO-rers FestivalEntdecke ein Event, das Musik, Kunst, Wissenschaft und kulinarische Highlights vereint. Drei Welten \u2013 ein unvergessliches Erlebnis. Tauche ein in kreative Beats, faszinierende Erkenntnisse und exzellente K\u00fcche.Live in Wuppertal | Sommer 2026Entdecke X-PLO, das Event das Musik, Wissenschaft und kulinarische Highlights vereint. Drei Welten \u2013 ein unvergessliches Erlebnis.\u00a0Lass dich von packenden Live-Auftritten und [&hellip;]","og_url":"https:\/\/x-plo-rer.org\/about\/","og_site_name":"X-PLO","article_modified_time":"2025-01-14T16:49:01+00:00","twitter_card":"summary_large_image","twitter_misc":{"Gesch\u00e4tzte Lesezeit":"9\u00a0Minuten"},"schema":{"@context":"https:\/\/schema.org","@graph":[{"@type":"WebPage","@id":"https:\/\/x-plo-rer.org\/about\/","url":"https:\/\/x-plo-rer.org\/about\/","name":"\u00dcber X-PLO - X-PLO","isPartOf":{"@id":"https:\/\/x-plo-rer.org\/about\/#website"},"datePublished":"2023-12-01T06:36:25+00:00","dateModified":"2025-01-14T16:49:01+00:00","breadcrumb":{"@id":"https:\/\/x-plo-rer.org\/about\/#breadcrumb"},"inLanguage":"de","potentialAction":[{"@type":"ReadAction","target":["https:\/\/x-plo-rer.org\/about\/"]}]},{"@type":"BreadcrumbList","@id":"https:\/\/x-plo-rer.org\/about\/#breadcrumb","itemListElement":[{"@type":"ListItem","position":1,"name":"Home","item":"https:\/\/x-plo-rer.org\/about\/"},{"@type":"ListItem","position":2,"name":"\u00dcber X-PLO"}]},{"@type":"WebSite","@id":"https:\/\/x-plo-rer.org\/about\/#website","url":"https:\/\/x-plo-rer.org\/about\/","name":"X-PLO","description":"The X-PLO-rers Festival","potentialAction":[{"@type":"SearchAction","target":{"@type":"EntryPoint","urlTemplate":"https:\/\/x-plo-rer.org\/about\/?s={search_term_string}"},"query-input":{"@type":"PropertyValueSpecification","valueRequired":true,"valueName":"search_term_string"}}],"inLanguage":"de"}]}},"_links":{"self":[{"href":"https:\/\/x-plo-rer.org\/about\/wp-json\/wp\/v2\/pages\/21","targetHints":{"allow":["GET"]}}],"collection":[{"href":"https:\/\/x-plo-rer.org\/about\/wp-json\/wp\/v2\/pages"}],"about":[{"href":"https:\/\/x-plo-rer.org\/about\/wp-json\/wp\/v2\/types\/page"}],"author":[{"embeddable":true,"href":"https:\/\/x-plo-rer.org\/about\/wp-json\/wp\/v2\/users\/3"}],"replies":[{"embeddable":true,"href":"https:\/\/x-plo-rer.org\/about\/wp-json\/wp\/v2\/comments?post=21"}],"version-history":[{"count":7,"href":"https:\/\/x-plo-rer.org\/about\/wp-json\/wp\/v2\/pages\/21\/revisions"}],"predecessor-version":[{"id":208,"href":"https:\/\/x-plo-rer.org\/about\/wp-json\/wp\/v2\/pages\/21\/revisions\/208"}],"wp:attachment":[{"href":"https:\/\/x-plo-rer.org\/about\/wp-json\/wp\/v2\/media?parent=21"}],"curies":[{"name":"wp","href":"https:\/\/api.w.org\/{rel}","templated":true}]}}